{"id":3,"date":"2023-08-01T07:26:23","date_gmt":"2023-08-01T07:26:23","guid":{"rendered":"https:\/\/oscar-camenzind.ch\/?page_id=3"},"modified":"2023-08-28T14:07:01","modified_gmt":"2023-08-28T14:07:01","slug":"impressum-datenschutz","status":"publish","type":"page","link":"https:\/\/oscar-camenzind.ch\/?page_id=3","title":{"rendered":"Impressum \/ Datenschutz"},"content":{"rendered":"\t\t<div data-elementor-type=\"wp-page\" data-elementor-id=\"3\" class=\"elementor elementor-3\" data-elementor-post-type=\"page\">\n\t\t\t\t\t\t<section class=\"elementor-section elementor-top-section elementor-element elementor-element-24418f5 elementor-section-boxed elementor-section-height-default elementor-section-height-default\" data-id=\"24418f5\" data-element_type=\"section\" data-e-type=\"section\">\n\t\t\t\t\t\t<div class=\"elementor-container elementor-column-gap-default\">\n\t\t\t\t\t<div class=\"elementor-column elementor-col-100 elementor-top-column elementor-element elementor-element-63b1ec87\" data-id=\"63b1ec87\" data-element_type=\"column\" data-e-type=\"column\">\n\t\t\t<div class=\"elementor-widget-wrap elementor-element-populated\">\n\t\t\t\t\t\t<div class=\"elementor-element elementor-element-63f26d3 elementor-widget elementor-widget-text-editor\" data-id=\"63f26d3\" data-element_type=\"widget\" data-e-type=\"widget\" data-widget_type=\"text-editor.default\">\n\t\t\t\t<div class=\"elementor-widget-container\">\n\t\t\t\t\t\t\t\t\t<p><\/p>\n<h2 class=\"wp-block-heading\">Impressum<\/h2>\n<div>&nbsp;<\/div>\n<div>Verantwortlicher f\u00fcr diese, in Absprache mit Oscar Camenzind erstellte Website, ist:<br>Jonny Reichlin<\/div>\n<div>Dreilindenstrasse 19 b<\/div>\n<div>6423 Seewen<\/div>\n<div>041 810 14 25<\/div>\n<div>&nbsp;<\/div>\n<div>_______________________<\/div>\n<h2>&nbsp;<\/h2>\n<h2>Datenschutz<\/h2>\n<h3>&nbsp;<\/h3>\n<h3>Wer sind wir<\/h3>\n<p><\/p>\n<p>Die Adresse unserer Website: <a href=\"https:\/\/oscar-camenzind.ch\">https:\/\/oscar-camenzind.ch<\/a><\/p>\n<h4>&nbsp;<\/h4>\n<h3>Welche Personendaten sammeln wir und warum sammeln wir sie<\/h3>\n<h4>&nbsp;<\/h4>\n<h4>Kommentare<\/h4>\n<p><\/p>\n<p><\/p>\n<p>Auf unserer Website existiert kein Kommentarformular. Wir sammeln keine Personendaten.<\/p>\n<h5>&nbsp;<\/h5>\n<h4>Media<\/h4>\n<div>\n<p>Es ist nicht m\u00f6glich f\u00fcr Besucher unserer Website Bilder hochzuladen.<\/p>\n<p><\/p>\n<h4>Cookies<\/h4>\n<div>Da auf unserer Website kein Kontaktformular vorhanden ist, brauchen wir keine Cookies.<\/div>\n<\/div>\n<div>&nbsp;<\/div>\n<p><\/p>\n<p><\/p>\n<h4>Eingebettete Inhalte von anderen Websites<\/h4>\n<p>Artikel auf dieser Website k\u00f6nnen eingebettete Inhalte enthalten (z. B. Videos, Bilder, Artikel usw.). Eingebettete Inhalte von anderen Websites verhalten sich genauso, als ob der Besucher die andere Website besucht h\u00e4tte. Diese Websites k\u00f6nnen Daten \u00fcber Sie sammeln, Cookies verwenden, zus\u00e4tzliches Tracking von Drittanbietern einbetten und Ihre Interaktion mit diesen eingebetteten Inhalten \u00fcberwachen, einschliesslich der Verfolgung Ihrer Interaktion mit den eingebetteten Inhalten, wenn Sie ein Konto haben und auf dieser Website angemeldet sind.<\/p>\n<p><\/p>\n<h4>&nbsp;<\/h4>\n<h4>Mit wem teilen wir Ihre Daten<\/h4>\n<p><\/p>\n<p>Wir sammeln keine Daten, also k\u00f6nnen wir sie auch mit niemandem teilen.&nbsp;<\/p>\n<p><\/p>\n<p><\/p>\n<p><\/p>\t\t\t\t\t\t\t\t<\/div>\n\t\t\t\t<\/div>\n\t\t\t\t\t<\/div>\n\t\t<\/div>\n\t\t\t\t\t<\/div>\n\t\t<\/section>\n\t\t\t\t<section class=\"elementor-section elementor-top-section elementor-element elementor-element-3ef07d4 elementor-section-boxed elementor-section-height-default elementor-section-height-default\" data-id=\"3ef07d4\" data-element_type=\"section\" data-e-type=\"section\">\n\t\t\t\t\t\t<div class=\"elementor-container elementor-column-gap-default\">\n\t\t\t\t\t<div class=\"elementor-column elementor-col-100 elementor-top-column elementor-element elementor-element-72a904b\" data-id=\"72a904b\" data-element_type=\"column\" data-e-type=\"column\">\n\t\t\t<div class=\"elementor-widget-wrap elementor-element-populated\">\n\t\t\t\t\t\t<div class=\"elementor-element elementor-element-122e59c elementor-widget-divider--view-line elementor-widget elementor-widget-divider\" data-id=\"122e59c\" data-element_type=\"widget\" data-e-type=\"widget\" data-widget_type=\"divider.default\">\n\t\t\t\t<div class=\"elementor-widget-container\">\n\t\t\t\t\t\t\t<div class=\"elementor-divider\">\n\t\t\t<span class=\"elementor-divider-separator\">\n\t\t\t\t\t\t<\/span>\n\t\t<\/div>\n\t\t\t\t\t\t<\/div>\n\t\t\t\t<\/div>\n\t\t\t\t\t<\/div>\n\t\t<\/div>\n\t\t\t\t\t<\/div>\n\t\t<\/section>\n\t\t\t\t<section class=\"elementor-section elementor-top-section elementor-element elementor-element-0957bcb elementor-section-boxed elementor-section-height-default elementor-section-height-default\" data-id=\"0957bcb\" data-element_type=\"section\" data-e-type=\"section\">\n\t\t\t\t\t\t<div class=\"elementor-container elementor-column-gap-default\">\n\t\t\t\t\t<div class=\"elementor-column elementor-col-100 elementor-top-column elementor-element elementor-element-fdfba3f\" data-id=\"fdfba3f\" data-element_type=\"column\" data-e-type=\"column\">\n\t\t\t<div class=\"elementor-widget-wrap elementor-element-populated\">\n\t\t\t\t\t\t<div class=\"elementor-element elementor-element-97da9cf elementor-widget elementor-widget-text-editor\" data-id=\"97da9cf\" data-element_type=\"widget\" data-e-type=\"widget\" data-widget_type=\"text-editor.default\">\n\t\t\t\t<div class=\"elementor-widget-container\">\n\t\t\t\t\t\t\t\t\t<p><a href=\"https:\/\/www.oscar-camenzind.ch\">HOME<\/a><\/p>\t\t\t\t\t\t\t\t<\/div>\n\t\t\t\t<\/div>\n\t\t\t\t\t<\/div>\n\t\t<\/div>\n\t\t\t\t\t<\/div>\n\t\t<\/section>\n\t\t\t\t<section class=\"elementor-section elementor-top-section elementor-element elementor-element-6d29955 elementor-section-boxed elementor-section-height-default elementor-section-height-default\" data-id=\"6d29955\" data-element_type=\"section\" data-e-type=\"section\">\n\t\t\t\t\t\t<div class=\"elementor-container elementor-column-gap-default\">\n\t\t\t\t\t<div class=\"elementor-column elementor-col-100 elementor-top-column elementor-element elementor-element-6322cc4\" data-id=\"6322cc4\" data-element_type=\"column\" data-e-type=\"column\">\n\t\t\t<div class=\"elementor-widget-wrap elementor-element-populated\">\n\t\t\t\t\t\t<div class=\"elementor-element elementor-element-b8e0f88 elementor-widget-divider--view-line elementor-widget elementor-widget-divider\" data-id=\"b8e0f88\" data-element_type=\"widget\" data-e-type=\"widget\" data-widget_type=\"divider.default\">\n\t\t\t\t<div class=\"elementor-widget-container\">\n\t\t\t\t\t\t\t<div class=\"elementor-divider\">\n\t\t\t<span class=\"elementor-divider-separator\">\n\t\t\t\t\t\t<\/span>\n\t\t<\/div>\n\t\t\t\t\t\t<\/div>\n\t\t\t\t<\/div>\n\t\t\t\t\t<\/div>\n\t\t<\/div>\n\t\t\t\t\t<\/div>\n\t\t<\/section>\n\t\t\t\t<\/div>\n\t\t","protected":false},"excerpt":{"rendered":"<p>Impressum &nbsp; Verantwortlicher f\u00fcr diese, in Absprache mit Oscar Camenzind erstellte Website, ist:Jonny Reichlin Dreilindenstrasse 19 b 6423 Seewen 041 810 14 25 &nbsp; _______________________ &nbsp; Datenschutz &nbsp; Wer sind wir Die Adresse unserer Website: https:\/\/oscar-camenzind.ch &nbsp; Welche Personendaten sammeln wir und warum sammeln wir sie &nbsp; Kommentare Auf unserer Website existiert kein Kommentarformular. Wir&hellip; <a class=\"more-link\" href=\"https:\/\/oscar-camenzind.ch\/?page_id=3\"><span class=\"screen-reader-text\">Impressum \/ Datenschutz<\/span> weiterlesen<\/a><\/p>\n","protected":false},"author":2,"featured_media":0,"parent":0,"menu_order":0,"comment_status":"closed","ping_status":"closed","template":"elementor_canvas","meta":{"footnotes":""},"class_list":["post-3","page","type-page","status-publish","hentry","entry"],"_links":{"self":[{"href":"https:\/\/oscar-camenzind.ch\/index.php?rest_route=\/wp\/v2\/pages\/3","targetHints":{"allow":["GET"]}}],"collection":[{"href":"https:\/\/oscar-camenzind.ch\/index.php?rest_route=\/wp\/v2\/pages"}],"about":[{"href":"https:\/\/oscar-camenzind.ch\/index.php?rest_route=\/wp\/v2\/types\/page"}],"author":[{"embeddable":true,"href":"https:\/\/oscar-camenzind.ch\/index.php?rest_route=\/wp\/v2\/users\/2"}],"replies":[{"embeddable":true,"href":"https:\/\/oscar-camenzind.ch\/index.php?rest_route=%2Fwp%2Fv2%2Fcomments&post=3"}],"version-history":[{"count":24,"href":"https:\/\/oscar-camenzind.ch\/index.php?rest_route=\/wp\/v2\/pages\/3\/revisions"}],"predecessor-version":[{"id":573,"href":"https:\/\/oscar-camenzind.ch\/index.php?rest_route=\/wp\/v2\/pages\/3\/revisions\/573"}],"wp:attachment":[{"href":"https:\/\/oscar-camenzind.ch\/index.php?rest_route=%2Fwp%2Fv2%2Fmedia&parent=3"}],"curies":[{"name":"wp","href":"https:\/\/api.w.org\/{rel}","templated":true}]}}